{"id":9,"date":"2023-12-12T15:33:46","date_gmt":"2023-12-12T18:33:46","guid":{"rendered":"https:\/\/wordpress.samanthamaiaduarte.com\/lojaefree\/carrinho\/"},"modified":"2023-12-15T21:20:09","modified_gmt":"2023-12-16T00:20:09","slug":"carrinho","status":"publish","type":"page","link":"https:\/\/wordpress.samanthamaiaduarte.com\/lojaefree\/carrinho\/","title":{"rendered":"Carrinho"},"content":{"rendered":"<div data-block-name=\"woocommerce\/cart\" class=\"wp-block-woocommerce-cart alignwide is-loading\"><div data-block-name=\"woocommerce\/filled-cart-block\" class=\"wp-block-woocommerce-filled-cart-block\"><div data-block-name=\"woocommerce\/cart-items-block\" class=\"wp-block-woocommerce-cart-items-block\"><div data-block-name=\"woocommerce\/cart-line-items-block\" class=\"wp-block-woocommerce-cart-line-items-block\"><\/div>\n\n<div data-block-name=\"woocommerce\/cart-cross-sells-block\" class=\"wp-block-woocommerce-cart-cross-sells-block\">\n<h2 class=\"wp-block-heading has-large-font-size\">You may be interested in\u2026<\/h2>\n\n\n<div data-block-name=\"woocommerce\/cart-cross-sells-products-block\" class=\"wp-block-woocommerce-cart-cross-sells-products-block\"><\/div><\/div><\/div>\n\n<div data-block-name=\"woocommerce\/cart-totals-block\" class=\"wp-block-woocommerce-cart-totals-block\"><div data-block-name=\"woocommerce\/cart-order-summary-block\" class=\"wp-block-woocommerce-cart-order-summary-block\"><div data-block-name=\"woocommerce\/cart-order-summary-heading-block\" class=\"wp-block-woocommerce-cart-order-summary-heading-block\"><\/div>\n\n<div data-block-name=\"woocommerce\/cart-order-summary-coupon-form-block\" class=\"wp-block-woocommerce-cart-order-summary-coupon-form-block\"><\/div>\n\n<div data-block-name=\"woocommerce\/cart-order-summary-subtotal-block\" class=\"wp-block-woocommerce-cart-order-summary-subtotal-block\"><\/div>\n\n<div data-block-name=\"woocommerce\/cart-order-summary-fee-block\" class=\"wp-block-woocommerce-cart-order-summary-fee-block\"><\/div>\n\n<div data-block-name=\"woocommerce\/cart-order-summary-discount-block\" class=\"wp-block-woocommerce-cart-order-summary-discount-block\"><\/div>\n\n<div data-block-name=\"woocommerce\/cart-order-summary-shipping-block\" class=\"wp-block-woocommerce-cart-order-summary-shipping-block\"><\/div>\n\n<div data-block-name=\"woocommerce\/cart-order-summary-taxes-block\" class=\"wp-block-woocommerce-cart-order-summary-taxes-block\"><\/div><\/div>\n\n<div data-block-name=\"woocommerce\/cart-express-payment-block\" class=\"wp-block-woocommerce-cart-express-payment-block\"><\/div>\n\n<div data-block-name=\"woocommerce\/proceed-to-checkout-block\" class=\"wp-block-woocommerce-proceed-to-checkout-block\"><\/div>\n\n<div data-block-name=\"woocommerce\/cart-accepted-payment-methods-block\" class=\"wp-block-woocommerce-cart-accepted-payment-methods-block\"><\/div><\/div><\/div>\n\n<div data-block-name=\"woocommerce\/empty-cart-block\" class=\"wp-block-woocommerce-empty-cart-block\">\n<h2 class=\"wp-block-heading has-text-align-center with-empty-cart-icon wc-block-cart__empty-cart__title\">Seu carrinho est\u00e1 vazio no momento!<\/h2>\n\n\n\n<hr class=\"wp-block-separator has-alpha-channel-opacity is-style-dots\"\/>\n\n\n\n<h2 class=\"wp-block-heading has-text-align-center\">Novo na loja<\/h2>\n\n\n<div data-block-name=\"woocommerce\/product-new\" data-columns=\"4\" data-rows=\"1\" class=\"wc-block-grid wp-block-product-new wc-block-product-new has-4-columns\"><ul class=\"wc-block-grid__products\"><li class=\"wc-block-grid__product\">\n\t\t\t\t<a href=\"https:\/\/wordpress.samanthamaiaduarte.com\/lojaefree\/produto\/pulseira-bracelete-dourado-decoracao-de-no\/\" class=\"wc-block-grid__product-link\">\n\t\t\t\t\t<div class=\"wc-block-grid__product-onsale\">\n\t\t\t<span aria-hidden=\"true\">Oferta<\/span>\n\t\t\t<span class=\"screen-reader-text\">Produto em promo\u00e7\u00e3o<\/span>\n\t\t<\/div>\n\t\t\t\t\t<div class=\"wc-block-grid__product-image\"><img fetchpriority=\"high\" decoding=\"async\" width=\"300\" height=\"300\" src=\"https:\/\/wordpress.samanthamaiaduarte.com\/lojaefree\/wp-content\/uploads\/2023\/12\/16780244023c484a27e4b429674fc97c361c49b8dd_thumbnail_600x-300x300.webp\" class=\"attachment-woocommerce_thumbnail size-woocommerce_thumbnail\" alt=\"PULSEIRA\/BRACELETE DOURADO DECORA\u00c7\u00c3O DE N\u00d3\" srcset=\"https:\/\/wordpress.samanthamaiaduarte.com\/lojaefree\/wp-content\/uploads\/2023\/12\/16780244023c484a27e4b429674fc97c361c49b8dd_thumbnail_600x-300x300.webp 300w, https:\/\/wordpress.samanthamaiaduarte.com\/lojaefree\/wp-content\/uploads\/2023\/12\/16780244023c484a27e4b429674fc97c361c49b8dd_thumbnail_600x-100x100.webp 100w, https:\/\/wordpress.samanthamaiaduarte.com\/lojaefree\/wp-content\/uploads\/2023\/12\/16780244023c484a27e4b429674fc97c361c49b8dd_thumbnail_600x-150x150.webp 150w\" sizes=\"(max-width: 300px) 100vw, 300px\" \/><\/div>\n\t\t\t\t\t<div class=\"wc-block-grid__product-title\">PULSEIRA\/BRACELETE DOURADO DECORA\u00c7\u00c3O DE N\u00d3<\/div>\n\t\t\t\t<\/a>\n\t\t\t\t<div class=\"wc-block-grid__product-price price\"><del aria-hidden=\"true\"><span class=\"woocommerce-Price-amount amount\"><span class=\"woocommerce-Price-currencySymbol\">&#082;&#036;<\/span>&nbsp;100,00<\/span><\/del> <ins><span class=\"woocommerce-Price-amount amount\"><span class=\"woocommerce-Price-currencySymbol\">&#082;&#036;<\/span>&nbsp;69,00<\/span><\/ins><\/div>\n\t\t\t\t<div class=\"wc-block-grid__product-rating\"><div class=\"star-rating\" role=\"img\" aria-label=\"Avalia\u00e7\u00e3o 5.00 de 5\"><span style=\"width:100%\">Avaliado como <strong class=\"rating\">5.00<\/strong> de 5, com baseado em <span class=\"rating\">1<\/span> avalia\u00e7\u00e3o de cliente<\/span><\/div><\/div>\n\t\t\t\t<div class=\"wp-block-button wc-block-grid__product-add-to-cart\"><a href=\"?add-to-cart=61\" aria-label=\"Add to cart: &ldquo;PULSEIRA\/BRACELETE DOURADO DECORA\u00c7\u00c3O DE N\u00d3&rdquo;\" data-quantity=\"1\" data-product_id=\"61\" data-product_sku=\"\" data-price=\"69\" rel=\"nofollow\" class=\"wp-block-button__link  add_to_cart_button ajax_add_to_cart\">Comprar<\/a><\/div>\n\t\t\t<\/li><li class=\"wc-block-grid__product\">\n\t\t\t\t<a href=\"https:\/\/wordpress.samanthamaiaduarte.com\/lojaefree\/produto\/pulseira-bracelete-dourado-decoracao-de-strass\/\" class=\"wc-block-grid__product-link\">\n\t\t\t\t\t<div class=\"wc-block-grid__product-onsale\">\n\t\t\t<span aria-hidden=\"true\">Oferta<\/span>\n\t\t\t<span class=\"screen-reader-text\">Produto em promo\u00e7\u00e3o<\/span>\n\t\t<\/div>\n\t\t\t\t\t<div class=\"wc-block-grid__product-image\"><img decoding=\"async\" width=\"300\" height=\"300\" src=\"https:\/\/wordpress.samanthamaiaduarte.com\/lojaefree\/wp-content\/uploads\/2023\/12\/16792899336410558198f917528aaffc992f3fc0e3_thumbnail_600x-300x300.webp\" class=\"attachment-woocommerce_thumbnail size-woocommerce_thumbnail\" alt=\"PULSEIRA\/BRACELETE DOURADO DECORA\u00c7\u00c3O DE STRASS\" srcset=\"https:\/\/wordpress.samanthamaiaduarte.com\/lojaefree\/wp-content\/uploads\/2023\/12\/16792899336410558198f917528aaffc992f3fc0e3_thumbnail_600x-300x300.webp 300w, https:\/\/wordpress.samanthamaiaduarte.com\/lojaefree\/wp-content\/uploads\/2023\/12\/16792899336410558198f917528aaffc992f3fc0e3_thumbnail_600x-100x100.webp 100w, https:\/\/wordpress.samanthamaiaduarte.com\/lojaefree\/wp-content\/uploads\/2023\/12\/16792899336410558198f917528aaffc992f3fc0e3_thumbnail_600x-150x150.webp 150w\" sizes=\"(max-width: 300px) 100vw, 300px\" \/><\/div>\n\t\t\t\t\t<div class=\"wc-block-grid__product-title\">PULSEIRA\/BRACELETE DOURADO DECORA\u00c7\u00c3O DE STRASS<\/div>\n\t\t\t\t<\/a>\n\t\t\t\t<div class=\"wc-block-grid__product-price price\"><del aria-hidden=\"true\"><span class=\"woocommerce-Price-amount amount\"><span class=\"woocommerce-Price-currencySymbol\">&#082;&#036;<\/span>&nbsp;150,00<\/span><\/del> <ins><span class=\"woocommerce-Price-amount amount\"><span class=\"woocommerce-Price-currencySymbol\">&#082;&#036;<\/span>&nbsp;120,00<\/span><\/ins><\/div>\n\t\t\t\t\n\t\t\t\t<div class=\"wp-block-button wc-block-grid__product-add-to-cart\"><a href=\"?add-to-cart=56\" aria-label=\"Add to cart: &ldquo;PULSEIRA\/BRACELETE DOURADO DECORA\u00c7\u00c3O DE STRASS&rdquo;\" data-quantity=\"1\" data-product_id=\"56\" data-product_sku=\"\" data-price=\"120\" rel=\"nofollow\" class=\"wp-block-button__link  add_to_cart_button ajax_add_to_cart\">Comprar<\/a><\/div>\n\t\t\t<\/li><li class=\"wc-block-grid__product\">\n\t\t\t\t<a href=\"https:\/\/wordpress.samanthamaiaduarte.com\/lojaefree\/produto\/relogio-de-quartzo-dourado-com-decoracao-de-strass\/\" class=\"wc-block-grid__product-link\">\n\t\t\t\t\t<div class=\"wc-block-grid__product-onsale\">\n\t\t\t<span aria-hidden=\"true\">Oferta<\/span>\n\t\t\t<span class=\"screen-reader-text\">Produto em promo\u00e7\u00e3o<\/span>\n\t\t<\/div>\n\t\t\t\t\t<div class=\"wc-block-grid__product-image\"><img decoding=\"async\" width=\"300\" height=\"300\" src=\"https:\/\/wordpress.samanthamaiaduarte.com\/lojaefree\/wp-content\/uploads\/2023\/12\/16837943409f5e9ef623d64f5a6cae16b808522467_thumbnail_600x-300x300.jpg\" class=\"attachment-woocommerce_thumbnail size-woocommerce_thumbnail\" alt=\"REL\u00d3GIO DE QUARTZO DOURADO COM DECORA\u00c7\u00c3O DE STRASS\" srcset=\"https:\/\/wordpress.samanthamaiaduarte.com\/lojaefree\/wp-content\/uploads\/2023\/12\/16837943409f5e9ef623d64f5a6cae16b808522467_thumbnail_600x-300x300.jpg 300w, https:\/\/wordpress.samanthamaiaduarte.com\/lojaefree\/wp-content\/uploads\/2023\/12\/16837943409f5e9ef623d64f5a6cae16b808522467_thumbnail_600x-100x100.jpg 100w, https:\/\/wordpress.samanthamaiaduarte.com\/lojaefree\/wp-content\/uploads\/2023\/12\/16837943409f5e9ef623d64f5a6cae16b808522467_thumbnail_600x-150x150.jpg 150w\" sizes=\"(max-width: 300px) 100vw, 300px\" \/><\/div>\n\t\t\t\t\t<div class=\"wc-block-grid__product-title\">REL\u00d3GIO DE QUARTZO DOURADO COM DECORA\u00c7\u00c3O DE STRASS<\/div>\n\t\t\t\t<\/a>\n\t\t\t\t<div class=\"wc-block-grid__product-price price\"><del aria-hidden=\"true\"><span class=\"woocommerce-Price-amount amount\"><span class=\"woocommerce-Price-currencySymbol\">&#082;&#036;<\/span>&nbsp;250,00<\/span><\/del> <ins><span class=\"woocommerce-Price-amount amount\"><span class=\"woocommerce-Price-currencySymbol\">&#082;&#036;<\/span>&nbsp;220,00<\/span><\/ins><\/div>\n\t\t\t\t<div class=\"wc-block-grid__product-rating\"><div class=\"star-rating\" role=\"img\" aria-label=\"Avalia\u00e7\u00e3o 5.00 de 5\"><span style=\"width:100%\">Avaliado como <strong class=\"rating\">5.00<\/strong> de 5, com baseado em <span class=\"rating\">1<\/span> avalia\u00e7\u00e3o de cliente<\/span><\/div><\/div>\n\t\t\t\t<div class=\"wp-block-button wc-block-grid__product-add-to-cart\"><a href=\"?add-to-cart=52\" aria-label=\"Add to cart: &ldquo;REL\u00d3GIO DE QUARTZO DOURADO COM DECORA\u00c7\u00c3O DE STRASS&rdquo;\" data-quantity=\"1\" data-product_id=\"52\" data-product_sku=\"\" data-price=\"220\" rel=\"nofollow\" class=\"wp-block-button__link  add_to_cart_button ajax_add_to_cart\">Comprar<\/a><\/div>\n\t\t\t<\/li><li class=\"wc-block-grid__product\">\n\t\t\t\t<a href=\"https:\/\/wordpress.samanthamaiaduarte.com\/lojaefree\/produto\/relogio-prata-de-quartzo-com-ponteiro-quadrado\/\" class=\"wc-block-grid__product-link\">\n\t\t\t\t\t<div class=\"wc-block-grid__product-onsale\">\n\t\t\t<span aria-hidden=\"true\">Oferta<\/span>\n\t\t\t<span class=\"screen-reader-text\">Produto em promo\u00e7\u00e3o<\/span>\n\t\t<\/div>\n\t\t\t\t\t<div class=\"wc-block-grid__product-image\"><img loading=\"lazy\" decoding=\"async\" width=\"300\" height=\"300\" src=\"https:\/\/wordpress.samanthamaiaduarte.com\/lojaefree\/wp-content\/uploads\/2023\/12\/1683794405d0a2f05b721824aeec0ee15696422cec_thumbnail_600x-300x300.jpg\" class=\"attachment-woocommerce_thumbnail size-woocommerce_thumbnail\" alt=\"REL\u00d3GIO PRATA DE QUARTZO COM PONTEIRO QUADRADO\" srcset=\"https:\/\/wordpress.samanthamaiaduarte.com\/lojaefree\/wp-content\/uploads\/2023\/12\/1683794405d0a2f05b721824aeec0ee15696422cec_thumbnail_600x-300x300.jpg 300w, https:\/\/wordpress.samanthamaiaduarte.com\/lojaefree\/wp-content\/uploads\/2023\/12\/1683794405d0a2f05b721824aeec0ee15696422cec_thumbnail_600x-100x100.jpg 100w, https:\/\/wordpress.samanthamaiaduarte.com\/lojaefree\/wp-content\/uploads\/2023\/12\/1683794405d0a2f05b721824aeec0ee15696422cec_thumbnail_600x-150x150.jpg 150w\" sizes=\"(max-width: 300px) 100vw, 300px\" \/><\/div>\n\t\t\t\t\t<div class=\"wc-block-grid__product-title\">REL\u00d3GIO PRATA DE QUARTZO COM PONTEIRO QUADRADO<\/div>\n\t\t\t\t<\/a>\n\t\t\t\t<div class=\"wc-block-grid__product-price price\"><del aria-hidden=\"true\"><span class=\"woocommerce-Price-amount amount\"><span class=\"woocommerce-Price-currencySymbol\">&#082;&#036;<\/span>&nbsp;250,00<\/span><\/del> <ins><span class=\"woocommerce-Price-amount amount\"><span class=\"woocommerce-Price-currencySymbol\">&#082;&#036;<\/span>&nbsp;220,00<\/span><\/ins><\/div>\n\t\t\t\t\n\t\t\t\t<div class=\"wp-block-button wc-block-grid__product-add-to-cart\"><a href=\"?add-to-cart=48\" aria-label=\"Add to cart: &ldquo;REL\u00d3GIO PRATA DE QUARTZO COM PONTEIRO QUADRADO&rdquo;\" data-quantity=\"1\" data-product_id=\"48\" data-product_sku=\"\" data-price=\"220\" rel=\"nofollow\" class=\"wp-block-button__link  add_to_cart_button ajax_add_to_cart\">Comprar<\/a><\/div>\n\t\t\t<\/li><\/ul><\/div><\/div><\/div>","protected":false},"excerpt":{"rendered":"","protected":false},"author":1,"featured_media":0,"parent":0,"menu_order":0,"comment_status":"closed","ping_status":"closed","template":"","meta":{"footnotes":""},"_links":{"self":[{"href":"https:\/\/wordpress.samanthamaiaduarte.com\/lojaefree\/wp-json\/wp\/v2\/pages\/9"}],"collection":[{"href":"https:\/\/wordpress.samanthamaiaduarte.com\/lojaefree\/wp-json\/wp\/v2\/pages"}],"about":[{"href":"https:\/\/wordpress.samanthamaiaduarte.com\/lojaefree\/wp-json\/wp\/v2\/types\/page"}],"author":[{"embeddable":true,"href":"https:\/\/wordpress.samanthamaiaduarte.com\/lojaefree\/wp-json\/wp\/v2\/users\/1"}],"replies":[{"embeddable":true,"href":"https:\/\/wordpress.samanthamaiaduarte.com\/lojaefree\/wp-json\/wp\/v2\/comments?post=9"}],"version-history":[{"count":1,"href":"https:\/\/wordpress.samanthamaiaduarte.com\/lojaefree\/wp-json\/wp\/v2\/pages\/9\/revisions"}],"predecessor-version":[{"id":429,"href":"https:\/\/wordpress.samanthamaiaduarte.com\/lojaefree\/wp-json\/wp\/v2\/pages\/9\/revisions\/429"}],"wp:attachment":[{"href":"https:\/\/wordpress.samanthamaiaduarte.com\/lojaefree\/wp-json\/wp\/v2\/media?parent=9"}],"curies":[{"name":"wp","href":"https:\/\/api.w.org\/{rel}","templated":true}]}}