{"id":52,"date":"2023-12-12T17:05:16","date_gmt":"2023-12-12T20:05:16","guid":{"rendered":"https:\/\/wordpress.samanthamaiaduarte.com\/lojaefree\/?post_type=product&#038;p=52"},"modified":"2023-12-13T23:34:08","modified_gmt":"2023-12-14T02:34:08","slug":"relogio-de-quartzo-dourado-com-decoracao-de-strass","status":"publish","type":"product","link":"https:\/\/wordpress.samanthamaiaduarte.com\/lojaefree\/produto\/relogio-de-quartzo-dourado-com-decoracao-de-strass\/","title":{"rendered":"REL\u00d3GIO DE QUARTZO DOURADO COM DECORA\u00c7\u00c3O DE STRASS"},"content":{"rendered":"","protected":false},"excerpt":{"rendered":"","protected":false},"featured_media":55,"comment_status":"open","ping_status":"closed","template":"","meta":[],"product_cat":[20],"product_tag":[],"_links":{"self":[{"href":"https:\/\/wordpress.samanthamaiaduarte.com\/lojaefree\/wp-json\/wp\/v2\/product\/52"}],"collection":[{"href":"https:\/\/wordpress.samanthamaiaduarte.com\/lojaefree\/wp-json\/wp\/v2\/product"}],"about":[{"href":"https:\/\/wordpress.samanthamaiaduarte.com\/lojaefree\/wp-json\/wp\/v2\/types\/product"}],"replies":[{"embeddable":true,"href":"https:\/\/wordpress.samanthamaiaduarte.com\/lojaefree\/wp-json\/wp\/v2\/comments?post=52"}],"wp:featuredmedia":[{"embeddable":true,"href":"https:\/\/wordpress.samanthamaiaduarte.com\/lojaefree\/wp-json\/wp\/v2\/media\/55"}],"wp:attachment":[{"href":"https:\/\/wordpress.samanthamaiaduarte.com\/lojaefree\/wp-json\/wp\/v2\/media?parent=52"}],"wp:term":[{"taxonomy":"product_cat","embeddable":true,"href":"https:\/\/wordpress.samanthamaiaduarte.com\/lojaefree\/wp-json\/wp\/v2\/product_cat?post=52"},{"taxonomy":"product_tag","embeddable":true,"href":"https:\/\/wordpress.samanthamaiaduarte.com\/lojaefree\/wp-json\/wp\/v2\/product_tag?post=52"}],"curies":[{"name":"wp","href":"https:\/\/api.w.org\/{rel}","templated":true}]}}