{"id":61,"date":"2023-12-12T17:12:36","date_gmt":"2023-12-12T20:12:36","guid":{"rendered":"https:\/\/wordpress.samanthamaiaduarte.com\/lojaefree\/?post_type=product&#038;p=61"},"modified":"2023-12-12T23:54:05","modified_gmt":"2023-12-13T02:54:05","slug":"pulseira-bracelete-dourado-decoracao-de-no","status":"publish","type":"product","link":"https:\/\/wordpress.samanthamaiaduarte.com\/lojaefree\/produto\/pulseira-bracelete-dourado-decoracao-de-no\/","title":{"rendered":"PULSEIRA\/BRACELETE DOURADO DECORA\u00c7\u00c3O DE N\u00d3"},"content":{"rendered":"","protected":false},"excerpt":{"rendered":"","protected":false},"featured_media":62,"comment_status":"open","ping_status":"closed","template":"","meta":[],"product_cat":[23,18],"product_tag":[],"_links":{"self":[{"href":"https:\/\/wordpress.samanthamaiaduarte.com\/lojaefree\/wp-json\/wp\/v2\/product\/61"}],"collection":[{"href":"https:\/\/wordpress.samanthamaiaduarte.com\/lojaefree\/wp-json\/wp\/v2\/product"}],"about":[{"href":"https:\/\/wordpress.samanthamaiaduarte.com\/lojaefree\/wp-json\/wp\/v2\/types\/product"}],"replies":[{"embeddable":true,"href":"https:\/\/wordpress.samanthamaiaduarte.com\/lojaefree\/wp-json\/wp\/v2\/comments?post=61"}],"wp:featuredmedia":[{"embeddable":true,"href":"https:\/\/wordpress.samanthamaiaduarte.com\/lojaefree\/wp-json\/wp\/v2\/media\/62"}],"wp:attachment":[{"href":"https:\/\/wordpress.samanthamaiaduarte.com\/lojaefree\/wp-json\/wp\/v2\/media?parent=61"}],"wp:term":[{"taxonomy":"product_cat","embeddable":true,"href":"https:\/\/wordpress.samanthamaiaduarte.com\/lojaefree\/wp-json\/wp\/v2\/product_cat?post=61"},{"taxonomy":"product_tag","embeddable":true,"href":"https:\/\/wordpress.samanthamaiaduarte.com\/lojaefree\/wp-json\/wp\/v2\/product_tag?post=61"}],"curies":[{"name":"wp","href":"https:\/\/api.w.org\/{rel}","templated":true}]}}